{"id":988,"date":"2018-02-21T13:59:24","date_gmt":"2018-02-21T13:59:24","guid":{"rendered":"https:\/\/www.ctbudget.com\/?page_id=988"},"modified":"2020-05-10T04:25:10","modified_gmt":"2020-05-10T04:25:10","slug":"acerca-de","status":"publish","type":"page","link":"https:\/\/www.ctbudget.com\/?page_id=988","title":{"rendered":"Acerca de"},"content":{"rendered":"\t\t<div data-elementor-type=\"wp-page\" data-elementor-id=\"988\" class=\"elementor elementor-988\" data-elementor-settings=\"[]\">\n\t\t\t<div class=\"elementor-inner\">\n\t\t\t\t<div class=\"elementor-section-wrap\">\n\t\t\t\t\t\t\t<section class=\"elementor-element elementor-element-4cd1ccdc elementor-section-height-min-height elementor-section-boxed elementor-section-height-default elementor-section-items-middle elementor-section elementor-top-section\" data-id=\"4cd1ccdc\" data-element_type=\"section\" data-settings=\"{&quot;background_background&quot;:&quot;gradient&quot;}\">\n\t\t\t\t\t\t\t<div class=\"elementor-background-overlay\"><\/div>\n\t\t\t\t\t\t\t<div class=\"elementor-container elementor-column-gap-default\">\n\t\t\t\t<div class=\"elementor-row\">\n\t\t\t\t<div class=\"elementor-element elementor-element-1db71ac0 elementor-column elementor-col-100 elementor-top-column\" data-id=\"1db71ac0\" data-element_type=\"column\">\n\t\t\t<div class=\"elementor-column-wrap  elementor-element-populated\">\n\t\t\t\t\t<div class=\"elementor-widget-wrap\">\n\t\t\t\t<div class=\"elementor-element elementor-element-6c9fc8e0 elementor-widget elementor-widget-heading\" data-id=\"6c9fc8e0\" data-element_type=\"widget\" data-widget_type=\"heading.default\">\n\t\t\t\t<div class=\"elementor-widget-container\">\n\t\t\t<h1 class=\"elementor-heading-title elementor-size-xl\">Historia de CTBudget<\/h1>\t\t<\/div>\n\t\t\t\t<\/div>\n\t\t\t\t\t\t<\/div>\n\t\t\t<\/div>\n\t\t<\/div>\n\t\t\t\t\t\t<\/div>\n\t\t\t<\/div>\n\t\t<\/section>\n\t\t\t\t<section class=\"elementor-element elementor-element-dc4cfcc elementor-section-boxed elementor-section-height-default elementor-section-height-default elementor-section elementor-top-section\" data-id=\"dc4cfcc\" data-element_type=\"section\">\n\t\t\t\t\t\t<div class=\"elementor-container elementor-column-gap-default\">\n\t\t\t\t<div class=\"elementor-row\">\n\t\t\t\t<div class=\"elementor-element elementor-element-a6ff0c2 elementor-column elementor-col-100 elementor-top-column\" data-id=\"a6ff0c2\" data-element_type=\"column\">\n\t\t\t<div class=\"elementor-column-wrap  elementor-element-populated\">\n\t\t\t\t\t<div class=\"elementor-widget-wrap\">\n\t\t\t\t<div class=\"elementor-element elementor-element-92e0167 elementor-widget elementor-widget-spacer\" data-id=\"92e0167\" data-element_type=\"widget\" data-widget_type=\"spacer.default\">\n\t\t\t\t<div class=\"elementor-widget-container\">\n\t\t\t\t\t<div class=\"elementor-spacer\">\n\t\t\t<div class=\"elementor-spacer-inner\"><\/div>\n\t\t<\/div>\n\t\t\t\t<\/div>\n\t\t\t\t<\/div>\n\t\t\t\t<section class=\"elementor-element elementor-element-c885aba elementor-section-boxed elementor-section-height-default elementor-section-height-default elementor-section elementor-inner-section\" data-id=\"c885aba\" data-element_type=\"section\">\n\t\t\t\t\t\t<div class=\"elementor-container elementor-column-gap-wide\">\n\t\t\t\t<div class=\"elementor-row\">\n\t\t\t\t<div class=\"elementor-element elementor-element-a088edf elementor-column elementor-col-50 elementor-inner-column\" data-id=\"a088edf\" data-element_type=\"column\">\n\t\t\t<div class=\"elementor-column-wrap  elementor-element-populated\">\n\t\t\t\t\t<div class=\"elementor-widget-wrap\">\n\t\t\t\t<div class=\"elementor-element elementor-element-8384431 elementor-widget elementor-widget-heading\" data-id=\"8384431\" data-element_type=\"widget\" data-widget_type=\"heading.default\">\n\t\t\t\t<div class=\"elementor-widget-container\">\n\t\t\t<h3 class=\"elementor-heading-title elementor-size-default\">Los or\u00edgenes<\/h3>\t\t<\/div>\n\t\t\t\t<\/div>\n\t\t\t\t<div class=\"elementor-element elementor-element-5400d4b elementor-widget elementor-widget-text-editor\" data-id=\"5400d4b\" data-element_type=\"widget\" data-widget_type=\"text-editor.default\">\n\t\t\t\t<div class=\"elementor-widget-container\">\n\t\t\t\t\t<div class=\"elementor-text-editor elementor-clearfix\"><p>El software fue desarrollado a mediados de los 80, con la aparici\u00f3n de los primeros computadores, para dar soluci\u00f3n r\u00e1pida al estudio de propuestas de una empresa constructora. Para entonces, la \u00fanica forma de estudiar presupuestos era en base a c\u00e1lculos a l\u00e1piz, papel y calculadora.<\/p><p>Al visualizar el potencial de los computadores personales, profesionales de la construcci\u00f3n decidieron aumentar la capacidad de estudios sistematizando y reutilizando los recursos y tiempo invertido en estudios anteriores.<\/p><p>En sus versiones primarias, el programa se llam\u00f3 CT. Desde sus inicios demostr\u00f3 sus virtudes al permitir el c\u00e1lculo r\u00e1pido de presupuestos considerando bases de datos del costo de los insumos b\u00e1sicos y de an\u00e1lisis de precios previamente realizados.<\/p><p>Poco a poco fue implement\u00e1ndose nuevas rutinas que permit\u00edan acercarse a los formatos finales de presentaci\u00f3n de las ofertas permitiendo de esa manera la sistematizaci\u00f3n de los mencionados estudios.<\/p><\/div>\n\t\t\t\t<\/div>\n\t\t\t\t<\/div>\n\t\t\t\t<div class=\"elementor-element elementor-element-4e47996 elementor-widget elementor-widget-image\" data-id=\"4e47996\" data-element_type=\"widget\" data-widget_type=\"image.default\">\n\t\t\t\t<div class=\"elementor-widget-container\">\n\t\t\t\t\t<div class=\"elementor-image\">\n\t\t\t\t\t\t\t\t\t\t<img loading=\"lazy\" decoding=\"async\" width=\"1002\" height=\"642\" src=\"https:\/\/www.ctbudget.com\/wp-content\/uploads\/2020\/04\/Capture01.png\" class=\"attachment-large size-large\" alt=\"\" srcset=\"https:\/\/www.ctbudget.com\/wp-content\/uploads\/2020\/04\/Capture01.png 1002w, https:\/\/www.ctbudget.com\/wp-content\/uploads\/2020\/04\/Capture01-600x384.png 600w, https:\/\/www.ctbudget.com\/wp-content\/uploads\/2020\/04\/Capture01-300x192.png 300w, https:\/\/www.ctbudget.com\/wp-content\/uploads\/2020\/04\/Capture01-768x492.png 768w, https:\/\/www.ctbudget.com\/wp-content\/uploads\/2020\/04\/Capture01-78x50.png 78w, https:\/\/www.ctbudget.com\/wp-content\/uploads\/2020\/04\/Capture01-125x80.png 125w, https:\/\/www.ctbudget.com\/wp-content\/uploads\/2020\/04\/Capture01-394x252.png 394w, https:\/\/www.ctbudget.com\/wp-content\/uploads\/2020\/04\/Capture01-915x586.png 915w\" sizes=\"auto, (max-width: 1002px) 100vw, 1002px\" \/>\t\t\t\t\t\t\t\t\t\t\t<\/div>\n\t\t\t\t<\/div>\n\t\t\t\t<\/div>\n\t\t\t\t\t\t<\/div>\n\t\t\t<\/div>\n\t\t<\/div>\n\t\t\t\t<div class=\"elementor-element elementor-element-b87807b elementor-column elementor-col-50 elementor-inner-column\" data-id=\"b87807b\" data-element_type=\"column\">\n\t\t\t<div class=\"elementor-column-wrap  elementor-element-populated\">\n\t\t\t\t\t<div class=\"elementor-widget-wrap\">\n\t\t\t\t<div class=\"elementor-element elementor-element-6aa7b23 elementor-widget elementor-widget-heading\" data-id=\"6aa7b23\" data-element_type=\"widget\" data-widget_type=\"heading.default\">\n\t\t\t\t<div class=\"elementor-widget-container\">\n\t\t\t<h3 class=\"elementor-heading-title elementor-size-default\">Paso a paso con las nuevas tecnolog\u00edas<\/h3>\t\t<\/div>\n\t\t\t\t<\/div>\n\t\t\t\t<div class=\"elementor-element elementor-element-f127e97 elementor-widget elementor-widget-text-editor\" data-id=\"f127e97\" data-element_type=\"widget\" data-widget_type=\"text-editor.default\">\n\t\t\t\t<div class=\"elementor-widget-container\">\n\t\t\t\t\t<div class=\"elementor-text-editor elementor-clearfix\"><p>Con la aparici\u00f3n de las primeras versiones de interfaz gr\u00e1fica, se logr\u00f3 una mejor y m\u00e1s intuitiva interacci\u00f3n con el usuario. A principios de los 90, se asociaron los profesionales Juan Manuel Torres y Pablo Cornejo, quienes redise\u00f1aron completamente el programa, tanto en su interface como en su estructura de datos, para lograr velocidades de procesamiento nunca antes alcanzadas y una mejora notable en el ingreso de datos, lo cual cambi\u00f3 positivamente la experiencia del usuario, logrando as\u00ed crear una excelente y poderosa herramienta de trabajo.<\/p><p>Dado que el programa naci\u00f3 para cubrir una necesidad operativa de una Empresa Constructora, el resultado ha sido de excelencia y practicidad que se ha mantenido hasta ahora.<\/p><p>Un cap\u00edtulo importante fue la utilizaci\u00f3n de aritm\u00e9tica de gran precisi\u00f3n que permitiera la edici\u00f3n de documentos que formalmente fueran consistentes y exactos administrativamente. Los nuevos lenguajes de programaci\u00f3n, adem\u00e1s de una depurada convenci\u00f3n de redondeo, resolvieron con facilidad esta problem\u00e1tica. Esta nueva versi\u00f3n, se llam\u00f3 TCT.<\/p><p>Con la masificaci\u00f3n de Windows\u00ae como plataforma de trabajo, el TCT se adapt\u00f3 nuevamente a los cambios, reescribi\u00e9ndose en forma \u00edntegra para aprovechar nativamente todas las facilidades y herramientas de Windows.<\/p><p>Desde entonces, el TCT se ha mantenido al d\u00eda con los avances, tanto visualmente como en los est\u00e1ndares que la industria del software impone.<\/p><p>Actualmente el programa se llama CTBudget\u00ae y es 100% Windows\u00ae nativo, con toda la tecnolog\u00eda y est\u00e1ndares actuales de Microsoft para archivos, intercambio de datos, encriptaci\u00f3n, interfaz gr\u00e1fica (GUI), etc., adem\u00e1s de contener todos los recursos y herramientas con que un software actualizado debe contar para lograr los exigentes niveles de producci\u00f3n y eficiencia que se exigen en los mercados actuales.<\/p><p>En la actualidad se encuentra en estudio y planificaci\u00f3n una versi\u00f3n multi plataforma para ser operada tanto en Windows\u00ae, Linux\u00ae y MAC OSX\u00ae, asimismo est\u00e1 en desarrollo un visualizador de archivos para m\u00f3viles, tanto para IOS\u00ae, como para Android\u00ae.<\/p><\/div>\n\t\t\t\t<\/div>\n\t\t\t\t<\/div>\n\t\t\t\t\t\t<\/div>\n\t\t\t<\/div>\n\t\t<\/div>\n\t\t\t\t\t\t<\/div>\n\t\t\t<\/div>\n\t\t<\/section>\n\t\t\t\t<div class=\"elementor-element elementor-element-572aebe elementor-widget elementor-widget-spacer\" data-id=\"572aebe\" data-element_type=\"widget\" data-widget_type=\"spacer.default\">\n\t\t\t\t<div class=\"elementor-widget-container\">\n\t\t\t\t\t<div class=\"elementor-spacer\">\n\t\t\t<div class=\"elementor-spacer-inner\"><\/div>\n\t\t<\/div>\n\t\t\t\t<\/div>\n\t\t\t\t<\/div>\n\t\t\t\t\t\t<\/div>\n\t\t\t<\/div>\n\t\t<\/div>\n\t\t\t\t\t\t<\/div>\n\t\t\t<\/div>\n\t\t<\/section>\n\t\t\t\t<section class=\"elementor-element elementor-element-51454e8e elementor-section-boxed elementor-section-height-default elementor-section-height-default elementor-section elementor-top-section\" data-id=\"51454e8e\" data-element_type=\"section\" data-settings=\"{&quot;background_background&quot;:&quot;classic&quot;}\">\n\t\t\t\t\t\t<div class=\"elementor-container elementor-column-gap-default\">\n\t\t\t\t<div class=\"elementor-row\">\n\t\t\t\t<div class=\"elementor-element elementor-element-105dd192 elementor-column elementor-col-100 elementor-top-column\" data-id=\"105dd192\" data-element_type=\"column\">\n\t\t\t<div class=\"elementor-column-wrap  elementor-element-populated\">\n\t\t\t\t\t<div class=\"elementor-widget-wrap\">\n\t\t\t\t<div class=\"elementor-element elementor-element-18e3eabb elementor-widget elementor-widget-spacer\" data-id=\"18e3eabb\" data-element_type=\"widget\" data-widget_type=\"spacer.default\">\n\t\t\t\t<div class=\"elementor-widget-container\">\n\t\t\t\t\t<div class=\"elementor-spacer\">\n\t\t\t<div class=\"elementor-spacer-inner\"><\/div>\n\t\t<\/div>\n\t\t\t\t<\/div>\n\t\t\t\t<\/div>\n\t\t\t\t<div class=\"elementor-element elementor-element-4dd8ca9e elementor-widget elementor-widget-themo-call-to-action\" data-id=\"4dd8ca9e\" data-element_type=\"widget\" data-widget_type=\"themo-call-to-action.default\">\n\t\t\t\t<div class=\"elementor-widget-container\">\n\t\t\t\t\t<div class=\"th-cta\">\n\t\t\t\t\t        <div class=\"th-cta-text\">\n\t\t            <span>Prueba Gratis por 30 D\u00edas. Desc\u00e1rguelo Ahora!<\/span>\n\t\t        <\/div>\n\t\t    \n                        <div class=\"th-cta-btn\">\n\n                                    <a class=\"btn-1 btn th-btn btn-standard-accent\" href=\"https:\/\/www.ctbudget.com\/?page_id=1191\">\n                                                    Descargar                                            <\/a>\n                \n                            <\/div>\n            \t\t<\/div>\n\t\t\t\t<\/div>\n\t\t\t\t<\/div>\n\t\t\t\t<div class=\"elementor-element elementor-element-7bb5e165 elementor-widget elementor-widget-spacer\" data-id=\"7bb5e165\" data-element_type=\"widget\" data-widget_type=\"spacer.default\">\n\t\t\t\t<div class=\"elementor-widget-container\">\n\t\t\t\t\t<div class=\"elementor-spacer\">\n\t\t\t<div class=\"elementor-spacer-inner\"><\/div>\n\t\t<\/div>\n\t\t\t\t<\/div>\n\t\t\t\t<\/div>\n\t\t\t\t\t\t<\/div>\n\t\t\t<\/div>\n\t\t<\/div>\n\t\t\t\t\t\t<\/div>\n\t\t\t<\/div>\n\t\t<\/section>\n\t\t\t\t\t\t<\/div>\n\t\t\t<\/div>\n\t\t<\/div>\n\t\t","protected":false},"excerpt":{"rendered":"<p>Historia de CTBudget Los or\u00edgenes El software fue desarrollado a mediados de los 80, con la aparici\u00f3n de los primeros computadores, para dar soluci\u00f3n r\u00e1pida al estudio de propuestas de una empresa constructora. Para entonces, la \u00fanica forma de estudiar &hellip; <a href=\"https:\/\/www.ctbudget.com\/?page_id=988\">Read More<\/a><\/p>\n","protected":false},"author":1,"featured_media":0,"parent":0,"menu_order":3,"comment_status":"closed","ping_status":"closed","template":"","meta":{"om_disable_all_campaigns":false,"_monsterinsights_skip_tracking":false,"_monsterinsights_sitenote_active":false,"_monsterinsights_sitenote_note":"","_monsterinsights_sitenote_category":0,"_uf_show_specific_survey":0,"_uf_disable_surveys":false,"footnotes":""},"class_list":["post-988","page","type-page","status-publish","hentry"],"aioseo_notices":[],"_links":{"self":[{"href":"https:\/\/www.ctbudget.com\/index.php?rest_route=\/wp\/v2\/pages\/988","targetHints":{"allow":["GET"]}}],"collection":[{"href":"https:\/\/www.ctbudget.com\/index.php?rest_route=\/wp\/v2\/pages"}],"about":[{"href":"https:\/\/www.ctbudget.com\/index.php?rest_route=\/wp\/v2\/types\/page"}],"author":[{"embeddable":true,"href":"https:\/\/www.ctbudget.com\/index.php?rest_route=\/wp\/v2\/users\/1"}],"replies":[{"embeddable":true,"href":"https:\/\/www.ctbudget.com\/index.php?rest_route=%2Fwp%2Fv2%2Fcomments&post=988"}],"version-history":[{"count":29,"href":"https:\/\/www.ctbudget.com\/index.php?rest_route=\/wp\/v2\/pages\/988\/revisions"}],"predecessor-version":[{"id":2319,"href":"https:\/\/www.ctbudget.com\/index.php?rest_route=\/wp\/v2\/pages\/988\/revisions\/2319"}],"wp:attachment":[{"href":"https:\/\/www.ctbudget.com\/index.php?rest_route=%2Fwp%2Fv2%2Fmedia&parent=988"}],"curies":[{"name":"wp","href":"https:\/\/api.w.org\/{rel}","templated":true}]}}