{"id":986,"date":"2018-02-21T13:58:53","date_gmt":"2018-02-21T13:58:53","guid":{"rendered":"https:\/\/www.ctbudget.com\/?page_id=986"},"modified":"2022-06-25T17:10:32","modified_gmt":"2022-06-25T17:10:32","slug":"ayuda","status":"publish","type":"page","link":"https:\/\/www.ctbudget.com\/?page_id=986","title":{"rendered":"Ayuda"},"content":{"rendered":"\t\t<div data-elementor-type=\"wp-post\" data-elementor-id=\"986\" class=\"elementor elementor-986\" data-elementor-settings=\"[]\">\n\t\t\t<div class=\"elementor-inner\">\n\t\t\t\t<div class=\"elementor-section-wrap\">\n\t\t\t\t\t\t\t<section class=\"elementor-element elementor-element-57c37b22 elementor-section-height-min-height elementor-section-boxed elementor-section-height-default elementor-section-items-middle elementor-section elementor-top-section\" data-id=\"57c37b22\" data-element_type=\"section\" data-settings=\"{&quot;background_background&quot;:&quot;classic&quot;}\">\n\t\t\t\t\t\t\t<div class=\"elementor-background-overlay\"><\/div>\n\t\t\t\t\t\t\t<div class=\"elementor-container elementor-column-gap-default\">\n\t\t\t\t<div class=\"elementor-row\">\n\t\t\t\t<div class=\"elementor-element elementor-element-557c30d4 elementor-column elementor-col-100 elementor-top-column\" data-id=\"557c30d4\" data-element_type=\"column\">\n\t\t\t<div class=\"elementor-column-wrap  elementor-element-populated\">\n\t\t\t\t\t<div class=\"elementor-widget-wrap\">\n\t\t\t\t<div class=\"elementor-element elementor-element-477cc65b elementor-widget elementor-widget-heading\" data-id=\"477cc65b\" data-element_type=\"widget\" data-widget_type=\"heading.default\">\n\t\t\t\t<div class=\"elementor-widget-container\">\n\t\t\t<h1 class=\"elementor-heading-title elementor-size-xl\">\u00bfNecesita Ayuda?<\/h1>\t\t<\/div>\n\t\t\t\t<\/div>\n\t\t\t\t\t\t<\/div>\n\t\t\t<\/div>\n\t\t<\/div>\n\t\t\t\t\t\t<\/div>\n\t\t\t<\/div>\n\t\t<\/section>\n\t\t\t\t<main class=\"elementor-element elementor-element-7e7bb33b elementor-section-boxed elementor-section-height-default elementor-section-height-default elementor-section elementor-top-section\" data-id=\"7e7bb33b\" data-element_type=\"section\" data-settings=\"{&quot;background_background&quot;:&quot;classic&quot;}\">\n\t\t\t\t\t\t<div class=\"elementor-container elementor-column-gap-default\">\n\t\t\t\t<div class=\"elementor-row\">\n\t\t\t\t<div class=\"elementor-element elementor-element-26f00ab4 elementor-column elementor-col-33 elementor-top-column\" data-id=\"26f00ab4\" data-element_type=\"column\">\n\t\t\t<div class=\"elementor-column-wrap  elementor-element-populated\">\n\t\t\t\t\t<div class=\"elementor-widget-wrap\">\n\t\t\t\t<div class=\"elementor-element elementor-element-56a9e9f1 elementor-view-stacked elementor-shape-circle elementor-position-top elementor-invisible elementor-widget elementor-widget-themo-service-block\" data-id=\"56a9e9f1\" data-element_type=\"widget\" data-settings=\"{&quot;_animation&quot;:&quot;none&quot;}\" data-widget_type=\"themo-service-block.default\">\n\t\t\t\t<div class=\"elementor-widget-container\">\n\t\t\t\t\t<div class=\"th-service-block-w\">\n            <div class=\"elementor-icon-box-wrapper th-show-icon\">\n                                    <div class=\"elementor-icon-box-icon th-icon-size-md\">\n                        <a class=\"elementor-icon \" href=\"#next\">\n                            <i class=\"th-trip travelpack-lifebuoy\" aria-hidden=\"true\" fff><\/i>                        <\/a>\n                    <\/div>\n                                <div class=\"elementor-icon-box-content\">\n                    <h4 class=\"elementor-icon-box-title\">\n                        <a href=\"#next\">Tutoriales<\/a>\n                    <\/h4>\n                    <p class=\"elementor-icon-box-description\">Pr\u00f3ximamente<\/p>\n                <\/div>\n            <\/div>\n\n        <\/div>\n\n\t\t\t\t<\/div>\n\t\t\t\t<\/div>\n\t\t\t\t<div class=\"elementor-element elementor-element-66255855 elementor-view-stacked elementor-shape-circle elementor-position-top elementor-invisible elementor-widget elementor-widget-themo-service-block\" data-id=\"66255855\" data-element_type=\"widget\" data-settings=\"{&quot;_animation&quot;:&quot;none&quot;,&quot;_animation_delay&quot;:150}\" data-widget_type=\"themo-service-block.default\">\n\t\t\t\t<div class=\"elementor-widget-container\">\n\t\t\t\t\t<div class=\"th-service-block-w\">\n            <div class=\"elementor-icon-box-wrapper th-show-icon\">\n                                    <div class=\"elementor-icon-box-icon th-icon-size-md\">\n                        <a class=\"elementor-icon \" href=\"#next\">\n                            <i class=\"th-trip travelpack-film-strip\" aria-hidden=\"true\" fff><\/i>                        <\/a>\n                    <\/div>\n                                <div class=\"elementor-icon-box-content\">\n                    <h4 class=\"elementor-icon-box-title\">\n                        <a href=\"#next\">Videos Tutoriales<\/a>\n                    <\/h4>\n                    <p class=\"elementor-icon-box-description\">Pr\u00f3ximamente<\/p>\n                <\/div>\n            <\/div>\n\n        <\/div>\n\n\t\t\t\t<\/div>\n\t\t\t\t<\/div>\n\t\t\t\t\t\t<\/div>\n\t\t\t<\/div>\n\t\t<\/div>\n\t\t\t\t<div class=\"elementor-element elementor-element-e9e1b7 elementor-column elementor-col-33 elementor-top-column\" data-id=\"e9e1b7\" data-element_type=\"column\">\n\t\t\t<div class=\"elementor-column-wrap  elementor-element-populated\">\n\t\t\t\t\t<div class=\"elementor-widget-wrap\">\n\t\t\t\t<div class=\"elementor-element elementor-element-270d195e elementor-view-stacked elementor-shape-circle elementor-position-top elementor-invisible elementor-widget elementor-widget-themo-service-block\" data-id=\"270d195e\" data-element_type=\"widget\" data-settings=\"{&quot;_animation&quot;:&quot;none&quot;,&quot;_animation_delay&quot;:300}\" data-widget_type=\"themo-service-block.default\">\n\t\t\t\t<div class=\"elementor-widget-container\">\n\t\t\t\t\t<div class=\"th-service-block-w\">\n            <div class=\"elementor-icon-box-wrapper th-show-icon\">\n                                    <div class=\"elementor-icon-box-icon th-icon-size-md\">\n                        <a class=\"elementor-icon \" href=\"https:\/\/www.ctbudget.com\/?page_id=1602\">\n                            <i aria-hidden=\"true\" class=\"fasth-linea icon-basic-message-multiple\"><\/i>                        <\/a>\n                    <\/div>\n                                <div class=\"elementor-icon-box-content\">\n                    <h4 class=\"elementor-icon-box-title\">\n                        <a href=\"https:\/\/www.ctbudget.com\/?page_id=1602\">Preguntas Frecuentes<\/a>\n                    <\/h4>\n                    <p class=\"elementor-icon-box-description\">Aqu\u00ed encontrar\u00e1 respuestas sobre instalaci\u00f3n, configuraci\u00f3n, etc.<\/p>\n                <\/div>\n            <\/div>\n\n        <\/div>\n\n\t\t\t\t<\/div>\n\t\t\t\t<\/div>\n\t\t\t\t\t\t<\/div>\n\t\t\t<\/div>\n\t\t<\/div>\n\t\t\t\t<div class=\"elementor-element elementor-element-7dccb88c elementor-column elementor-col-33 elementor-top-column\" data-id=\"7dccb88c\" data-element_type=\"column\">\n\t\t\t<div class=\"elementor-column-wrap  elementor-element-populated\">\n\t\t\t\t\t<div class=\"elementor-widget-wrap\">\n\t\t\t\t<div class=\"elementor-element elementor-element-02f7422 elementor-view-stacked elementor-shape-circle elementor-position-top elementor-invisible elementor-widget elementor-widget-themo-service-block\" data-id=\"02f7422\" data-element_type=\"widget\" data-settings=\"{&quot;_animation&quot;:&quot;none&quot;,&quot;_animation_delay&quot;:300}\" data-widget_type=\"themo-service-block.default\">\n\t\t\t\t<div class=\"elementor-widget-container\">\n\t\t\t\t\t<div class=\"th-service-block-w\">\n            <div class=\"elementor-icon-box-wrapper th-show-icon\">\n                                    <div class=\"elementor-icon-box-icon th-icon-size-md\">\n                        <a class=\"elementor-icon \" href=\"https:\/\/secure.softwarekey.com\/solo\/customers\/Default.aspx?AuthorID=3753285\" target=\"_blank\">\n                            <i aria-hidden=\"true\" class=\"fasth-trip th-prsn travelpack-person-symbol\"><\/i>                        <\/a>\n                    <\/div>\n                                <div class=\"elementor-icon-box-content\">\n                    <h4 class=\"elementor-icon-box-title\">\n                        <a href=\"https:\/\/secure.softwarekey.com\/solo\/customers\/Default.aspx?AuthorID=3753285\" target=\"_blank\">Administrador de licencias<\/a>\n                    <\/h4>\n                    <p class=\"elementor-icon-box-description\">Administre su usuario y licencias <br>\n(tenga mano su <b>CustomerID<\/b> y <b>LoginID<\/b>)<\/p>\n                <\/div>\n            <\/div>\n\n        <\/div>\n\n\t\t\t\t<\/div>\n\t\t\t\t<\/div>\n\t\t\t\t<div class=\"elementor-element elementor-element-0a569c0 elementor-view-stacked elementor-shape-circle elementor-position-top elementor-invisible elementor-widget elementor-widget-themo-service-block\" data-id=\"0a569c0\" data-element_type=\"widget\" data-settings=\"{&quot;_animation&quot;:&quot;none&quot;,&quot;_animation_delay&quot;:300}\" data-widget_type=\"themo-service-block.default\">\n\t\t\t\t<div class=\"elementor-widget-container\">\n\t\t\t\t\t<div class=\"th-service-block-w\">\n            <div class=\"elementor-icon-box-wrapper th-show-icon\">\n                                    <div class=\"elementor-icon-box-icon th-icon-size-md\">\n                        <a class=\"elementor-icon \" href=\"https:\/\/www.ctbudget.com\/?page_id=2352\">\n                            <i aria-hidden=\"true\" class=\"fasth-trip travelpack-keys\"><\/i>                        <\/a>\n                    <\/div>\n                                <div class=\"elementor-icon-box-content\">\n                    <h4 class=\"elementor-icon-box-title\">\n                        <a href=\"https:\/\/www.ctbudget.com\/?page_id=2352\">Licencia<\/a>\n                    <\/h4>\n                    <p class=\"elementor-icon-box-description\">Modificar una licencia<br>\n(tenga mano su <b>LicenseID<\/b> y <b>Activation Password<\/b>)<\/p>\n                <\/div>\n            <\/div>\n\n        <\/div>\n\n\t\t\t\t<\/div>\n\t\t\t\t<\/div>\n\t\t\t\t\t\t<\/div>\n\t\t\t<\/div>\n\t\t<\/div>\n\t\t\t\t\t\t<\/div>\n\t\t\t<\/div>\n\t\t<\/main>\n\t\t\t\t<section class=\"elementor-element elementor-element-1ca3ab67 elementor-section-boxed elementor-section-height-default elementor-section-height-default elementor-section elementor-top-section\" data-id=\"1ca3ab67\" data-element_type=\"section\" data-settings=\"{&quot;background_background&quot;:&quot;classic&quot;}\">\n\t\t\t\t\t\t<div class=\"elementor-container elementor-column-gap-default\">\n\t\t\t\t<div class=\"elementor-row\">\n\t\t\t\t<div class=\"elementor-element elementor-element-39cf4c38 elementor-column elementor-col-100 elementor-top-column\" data-id=\"39cf4c38\" data-element_type=\"column\">\n\t\t\t<div class=\"elementor-column-wrap  elementor-element-populated\">\n\t\t\t\t\t<div class=\"elementor-widget-wrap\">\n\t\t\t\t<div class=\"elementor-element elementor-element-61e68c1f elementor-widget elementor-widget-spacer\" data-id=\"61e68c1f\" data-element_type=\"widget\" data-widget_type=\"spacer.default\">\n\t\t\t\t<div class=\"elementor-widget-container\">\n\t\t\t\t\t<div class=\"elementor-spacer\">\n\t\t\t<div class=\"elementor-spacer-inner\"><\/div>\n\t\t<\/div>\n\t\t\t\t<\/div>\n\t\t\t\t<\/div>\n\t\t\t\t<div class=\"elementor-element elementor-element-762120e2 elementor-widget elementor-widget-themo-call-to-action\" data-id=\"762120e2\" data-element_type=\"widget\" data-widget_type=\"themo-call-to-action.default\">\n\t\t\t\t<div class=\"elementor-widget-container\">\n\t\t\t\t\t<div class=\"th-cta\">\n\t\t\t\t\t        <div class=\"th-cta-text\">\n\t\t            <span>Prueba Gratis por 30 D\u00edas. Desc\u00e1rguelo Ahora!<\/span>\n\t\t        <\/div>\n\t\t    \n                        <div class=\"th-cta-btn\">\n\n                                    <a class=\"btn-1 btn th-btn btn-standard-accent\" href=\"https:\/\/www.ctbudget.com\/?page_id=1191\">\n                                                    Descargar                                            <\/a>\n                \n                            <\/div>\n            \t\t<\/div>\n\t\t\t\t<\/div>\n\t\t\t\t<\/div>\n\t\t\t\t<div class=\"elementor-element elementor-element-14a8883 elementor-widget elementor-widget-spacer\" data-id=\"14a8883\" data-element_type=\"widget\" data-widget_type=\"spacer.default\">\n\t\t\t\t<div class=\"elementor-widget-container\">\n\t\t\t\t\t<div class=\"elementor-spacer\">\n\t\t\t<div class=\"elementor-spacer-inner\"><\/div>\n\t\t<\/div>\n\t\t\t\t<\/div>\n\t\t\t\t<\/div>\n\t\t\t\t\t\t<\/div>\n\t\t\t<\/div>\n\t\t<\/div>\n\t\t\t\t\t\t<\/div>\n\t\t\t<\/div>\n\t\t<\/section>\n\t\t\t\t\t\t<\/div>\n\t\t\t<\/div>\n\t\t<\/div>\n\t\t","protected":false},"excerpt":{"rendered":"<p>\u00bfNecesita Ayuda? Tutoriales Pr\u00f3ximamente Videos Tutoriales Pr\u00f3ximamente Preguntas Frecuentes Aqu\u00ed encontrar\u00e1 respuestas sobre instalaci\u00f3n, configuraci\u00f3n, etc. Administrador de licencias Administre su usuario y licencias (tenga mano su CustomerID y LoginID) Licencia Modificar una licencia (tenga mano su LicenseID y Activation &hellip; <a href=\"https:\/\/www.ctbudget.com\/?page_id=986\">Read More<\/a><\/p>\n","protected":false},"author":1,"featured_media":0,"parent":0,"menu_order":4,"comment_status":"closed","ping_status":"closed","template":"","meta":{"om_disable_all_campaigns":false,"_monsterinsights_skip_tracking":false,"_monsterinsights_sitenote_active":false,"_monsterinsights_sitenote_note":"","_monsterinsights_sitenote_category":0,"_uf_show_specific_survey":0,"_uf_disable_surveys":false,"footnotes":""},"class_list":["post-986","page","type-page","status-publish","hentry"],"aioseo_notices":[],"_links":{"self":[{"href":"https:\/\/www.ctbudget.com\/index.php?rest_route=\/wp\/v2\/pages\/986","targetHints":{"allow":["GET"]}}],"collection":[{"href":"https:\/\/www.ctbudget.com\/index.php?rest_route=\/wp\/v2\/pages"}],"about":[{"href":"https:\/\/www.ctbudget.com\/index.php?rest_route=\/wp\/v2\/types\/page"}],"author":[{"embeddable":true,"href":"https:\/\/www.ctbudget.com\/index.php?rest_route=\/wp\/v2\/users\/1"}],"replies":[{"embeddable":true,"href":"https:\/\/www.ctbudget.com\/index.php?rest_route=%2Fwp%2Fv2%2Fcomments&post=986"}],"version-history":[{"count":83,"href":"https:\/\/www.ctbudget.com\/index.php?rest_route=\/wp\/v2\/pages\/986\/revisions"}],"predecessor-version":[{"id":2679,"href":"https:\/\/www.ctbudget.com\/index.php?rest_route=\/wp\/v2\/pages\/986\/revisions\/2679"}],"wp:attachment":[{"href":"https:\/\/www.ctbudget.com\/index.php?rest_route=%2Fwp%2Fv2%2Fmedia&parent=986"}],"curies":[{"name":"wp","href":"https:\/\/api.w.org\/{rel}","templated":true}]}}