{"id":982,"date":"2018-02-21T13:57:58","date_gmt":"2018-02-21T13:57:58","guid":{"rendered":"https:\/\/www.ctbudget.com\/?page_id=982"},"modified":"2024-01-09T12:20:36","modified_gmt":"2024-01-09T12:20:36","slug":"valores","status":"publish","type":"page","link":"https:\/\/www.ctbudget.com\/?page_id=982","title":{"rendered":"Valores"},"content":{"rendered":"\t\t<div data-elementor-type=\"wp-page\" data-elementor-id=\"982\" class=\"elementor elementor-982\" data-elementor-settings=\"[]\">\n\t\t\t<div class=\"elementor-inner\">\n\t\t\t\t<div class=\"elementor-section-wrap\">\n\t\t\t\t\t\t\t<section class=\"elementor-element elementor-element-bd97ba6 elementor-section-height-min-height elementor-section-boxed elementor-section-height-default elementor-section-items-middle elementor-section elementor-top-section\" data-id=\"bd97ba6\" data-element_type=\"section\" data-settings=\"{&quot;background_background&quot;:&quot;classic&quot;}\">\n\t\t\t\t\t\t\t<div class=\"elementor-background-overlay\"><\/div>\n\t\t\t\t\t\t\t<div class=\"elementor-container elementor-column-gap-default\">\n\t\t\t\t<div class=\"elementor-row\">\n\t\t\t\t<div class=\"elementor-element elementor-element-ca86d70 elementor-column elementor-col-100 elementor-top-column\" data-id=\"ca86d70\" data-element_type=\"column\">\n\t\t\t<div class=\"elementor-column-wrap  elementor-element-populated\">\n\t\t\t\t\t<div class=\"elementor-widget-wrap\">\n\t\t\t\t<div class=\"elementor-element elementor-element-7abbe4a3 elementor-widget elementor-widget-heading\" data-id=\"7abbe4a3\" data-element_type=\"widget\" data-widget_type=\"heading.default\">\n\t\t\t\t<div class=\"elementor-widget-container\">\n\t\t\t<h1 class=\"elementor-heading-title elementor-size-xl\">Tipos de licencias<\/h1>\t\t<\/div>\n\t\t\t\t<\/div>\n\t\t\t\t\t\t<\/div>\n\t\t\t<\/div>\n\t\t<\/div>\n\t\t\t\t\t\t<\/div>\n\t\t\t<\/div>\n\t\t<\/section>\n\t\t\t\t<section class=\"elementor-element elementor-element-24e628f elementor-section-boxed elementor-section-height-default elementor-section-height-default elementor-section elementor-top-section\" data-id=\"24e628f\" data-element_type=\"section\">\n\t\t\t\t\t\t<div class=\"elementor-container elementor-column-gap-no\">\n\t\t\t\t<div class=\"elementor-row\">\n\t\t\t\t<div class=\"elementor-element elementor-element-183d032 elementor-column elementor-col-100 elementor-top-column\" data-id=\"183d032\" data-element_type=\"column\">\n\t\t\t<div class=\"elementor-column-wrap  elementor-element-populated\">\n\t\t\t\t\t<div class=\"elementor-widget-wrap\">\n\t\t\t\t<section class=\"elementor-element elementor-element-6cabcf0 elementor-section-boxed elementor-section-height-default elementor-section-height-default elementor-section elementor-inner-section\" data-id=\"6cabcf0\" data-element_type=\"section\">\n\t\t\t\t\t\t<div class=\"elementor-container elementor-column-gap-default\">\n\t\t\t\t<div class=\"elementor-row\">\n\t\t\t\t<div class=\"elementor-element elementor-element-2c8b015 elementor-column elementor-col-33 elementor-inner-column\" data-id=\"2c8b015\" data-element_type=\"column\">\n\t\t\t<div class=\"elementor-column-wrap  elementor-element-populated\">\n\t\t\t\t\t<div class=\"elementor-widget-wrap\">\n\t\t\t\t<div class=\"elementor-element elementor-element-9093dcc elementor-widget__width-inherit elementor-widget elementor-widget-themo-info-card\" data-id=\"9093dcc\" data-element_type=\"widget\" data-widget_type=\"themo-info-card.default\">\n\t\t\t\t<div class=\"elementor-widget-container\">\n\t\t\t\t\t<div class=\"th-info-card-wrap\">\n            <div class=\"elementor-icon-box-wrapper\">\n                <div class=\"elementor-icon-box-content\">\n                    <h3 class=\"elementor-icon-box-title\">Prueba Gratis<\/h3>\n                    <p class=\"elementor-icon-box-description\">(versi\u00f3n completa)\n\nCreaci\u00f3n de Insumos y Partidas\nC\u00e1lculo de Presupuesto\nReportes e Informes\nControl de Obra\nAdministraci\u00f3n de Recursos\nImportaci\u00f3n y Exportaci\u00f3n \nConfiguraci\u00f3n y Preferencias\n30 d\u00edas para probarla 100% operativa\n<\/p>\n                <\/div>\n                                <div class=\"th-btn-wrap\">\n                                            <a class=\"th-btn-1\" href=\"https:\/\/www.ctbudget.com\/?page_id=1191\">\n                                                            Descargar                                                    <\/a>\n                    \n                                    <\/div>\n                            <\/div>\n        <\/div>\n\n\t\t\t\t<\/div>\n\t\t\t\t<\/div>\n\t\t\t\t\t\t<\/div>\n\t\t\t<\/div>\n\t\t<\/div>\n\t\t\t\t<div class=\"elementor-element elementor-element-e6b50fd elementor-column elementor-col-33 elementor-inner-column\" data-id=\"e6b50fd\" data-element_type=\"column\">\n\t\t\t<div class=\"elementor-column-wrap  elementor-element-populated\">\n\t\t\t\t\t<div class=\"elementor-widget-wrap\">\n\t\t\t\t<div class=\"elementor-element elementor-element-67dc489 elementor-widget__width-inherit elementor-widget elementor-widget-themo-info-card\" data-id=\"67dc489\" data-element_type=\"widget\" data-widget_type=\"themo-info-card.default\">\n\t\t\t\t<div class=\"elementor-widget-container\">\n\t\t\t\t\t<div class=\"th-info-card-wrap\">\n            <div class=\"elementor-icon-box-wrapper\">\n                <div class=\"elementor-icon-box-content\">\n                    <h3 class=\"elementor-icon-box-title\">Compra<\/h3>\n                    <p class=\"elementor-icon-box-description\">(licencia nueva)\n\nCreaci\u00f3n de Insumos y Partidas\nC\u00e1lculo de Presupuesto\nReportes e Informes\nControl de Obra\nAdministraci\u00f3n de Recursos\nImportaci\u00f3n y Exportaci\u00f3n \nConfiguraci\u00f3n y Preferencias\nActualizaci\u00f3n gratuita por dos a\u00f1os\n\nCLP$620.000 + IVA c\/u\n(descuentos a partir de la 6a licencia)<\/p>\n                <\/div>\n                            <\/div>\n        <\/div>\n\n\t\t\t\t<\/div>\n\t\t\t\t<\/div>\n\t\t\t\t\t\t<\/div>\n\t\t\t<\/div>\n\t\t<\/div>\n\t\t\t\t<div class=\"elementor-element elementor-element-129c9ce elementor-column elementor-col-33 elementor-inner-column\" data-id=\"129c9ce\" data-element_type=\"column\">\n\t\t\t<div class=\"elementor-column-wrap  elementor-element-populated\">\n\t\t\t\t\t<div class=\"elementor-widget-wrap\">\n\t\t\t\t<div class=\"elementor-element elementor-element-9acc1f6 elementor-widget__width-inherit elementor-widget elementor-widget-themo-info-card\" data-id=\"9acc1f6\" data-element_type=\"widget\" data-widget_type=\"themo-info-card.default\">\n\t\t\t\t<div class=\"elementor-widget-container\">\n\t\t\t\t\t<div class=\"th-info-card-wrap\">\n            <div class=\"elementor-icon-box-wrapper\">\n                <div class=\"elementor-icon-box-content\">\n                    <h3 class=\"elementor-icon-box-title\">Actualizaci\u00f3n<\/h3>\n                    <p class=\"elementor-icon-box-description\">(licencia antigua)\n\nCreaci\u00f3n de Insumos y Partidas\nC\u00e1lculo de Presupuesto\nReportes e Informes\nControl de Obra\nAdministraci\u00f3n de Recursos\nImportaci\u00f3n y Exportaci\u00f3n \nConfiguraci\u00f3n y Preferencias\nActualizaci\u00f3n gratuita por dos a\u00f1os\n\nCLP$310.000 + IVA c\/u\n(50% del valor de compra)<\/p>\n                <\/div>\n                            <\/div>\n        <\/div>\n\n\t\t\t\t<\/div>\n\t\t\t\t<\/div>\n\t\t\t\t\t\t<\/div>\n\t\t\t<\/div>\n\t\t<\/div>\n\t\t\t\t\t\t<\/div>\n\t\t\t<\/div>\n\t\t<\/section>\n\t\t\t\t<div class=\"elementor-element elementor-element-4206c93 elementor-widget elementor-widget-spacer\" data-id=\"4206c93\" data-element_type=\"widget\" data-widget_type=\"spacer.default\">\n\t\t\t\t<div class=\"elementor-widget-container\">\n\t\t\t\t\t<div class=\"elementor-spacer\">\n\t\t\t<div class=\"elementor-spacer-inner\"><\/div>\n\t\t<\/div>\n\t\t\t\t<\/div>\n\t\t\t\t<\/div>\n\t\t\t\t\t\t<\/div>\n\t\t\t<\/div>\n\t\t<\/div>\n\t\t\t\t\t\t<\/div>\n\t\t\t<\/div>\n\t\t<\/section>\n\t\t\t\t<section class=\"elementor-element elementor-element-25731454 elementor-section-boxed elementor-section-height-default elementor-section-height-default elementor-section elementor-top-section\" data-id=\"25731454\" data-element_type=\"section\" data-settings=\"{&quot;background_background&quot;:&quot;classic&quot;}\">\n\t\t\t\t\t\t<div class=\"elementor-container elementor-column-gap-default\">\n\t\t\t\t<div class=\"elementor-row\">\n\t\t\t\t<div class=\"elementor-element elementor-element-5a1ac966 elementor-column elementor-col-100 elementor-top-column\" data-id=\"5a1ac966\" data-element_type=\"column\">\n\t\t\t<div class=\"elementor-column-wrap  elementor-element-populated\">\n\t\t\t\t\t<div class=\"elementor-widget-wrap\">\n\t\t\t\t<div class=\"elementor-element elementor-element-a9cd525 elementor-widget elementor-widget-spacer\" data-id=\"a9cd525\" data-element_type=\"widget\" data-widget_type=\"spacer.default\">\n\t\t\t\t<div class=\"elementor-widget-container\">\n\t\t\t\t\t<div class=\"elementor-spacer\">\n\t\t\t<div class=\"elementor-spacer-inner\"><\/div>\n\t\t<\/div>\n\t\t\t\t<\/div>\n\t\t\t\t<\/div>\n\t\t\t\t<div class=\"elementor-element elementor-element-1bd7028d elementor-widget elementor-widget-themo-call-to-action\" data-id=\"1bd7028d\" data-element_type=\"widget\" data-widget_type=\"themo-call-to-action.default\">\n\t\t\t\t<div class=\"elementor-widget-container\">\n\t\t\t\t\t<div class=\"th-cta\">\n\t\t\t\t\t        <div class=\"th-cta-text\">\n\t\t            <span>Prueba Gratis por 30 D\u00edas. Desc\u00e1rguelo Ahora!<\/span>\n\t\t        <\/div>\n\t\t    \n                        <div class=\"th-cta-btn\">\n\n                                    <a class=\"btn-1 btn th-btn btn-standard-accent\" href=\"https:\/\/www.ctbudget.com\/desarrollo\/trial\/\">\n                                                    Descargar                                            <\/a>\n                \n                            <\/div>\n            \t\t<\/div>\n\t\t\t\t<\/div>\n\t\t\t\t<\/div>\n\t\t\t\t<div class=\"elementor-element elementor-element-3290d3d5 elementor-widget elementor-widget-spacer\" data-id=\"3290d3d5\" data-element_type=\"widget\" data-widget_type=\"spacer.default\">\n\t\t\t\t<div class=\"elementor-widget-container\">\n\t\t\t\t\t<div class=\"elementor-spacer\">\n\t\t\t<div class=\"elementor-spacer-inner\"><\/div>\n\t\t<\/div>\n\t\t\t\t<\/div>\n\t\t\t\t<\/div>\n\t\t\t\t\t\t<\/div>\n\t\t\t<\/div>\n\t\t<\/div>\n\t\t\t\t\t\t<\/div>\n\t\t\t<\/div>\n\t\t<\/section>\n\t\t\t\t\t\t<\/div>\n\t\t\t<\/div>\n\t\t<\/div>\n\t\t","protected":false},"excerpt":{"rendered":"<p>Tipos de licencias Prueba Gratis (versi\u00f3n completa) Creaci\u00f3n de Insumos y Partidas C\u00e1lculo de Presupuesto Reportes e Informes Control de Obra Administraci\u00f3n de Recursos Importaci\u00f3n y Exportaci\u00f3n Configuraci\u00f3n y Preferencias 30 d\u00edas para probarla 100% operativa Descargar Compra (licencia nueva) &hellip; <a href=\"https:\/\/www.ctbudget.com\/?page_id=982\">Read More<\/a><\/p>\n","protected":false},"author":1,"featured_media":0,"parent":0,"menu_order":26,"comment_status":"closed","ping_status":"closed","template":"","meta":{"om_disable_all_campaigns":false,"_monsterinsights_skip_tracking":false,"_monsterinsights_sitenote_active":false,"_monsterinsights_sitenote_note":"","_monsterinsights_sitenote_category":0,"_uf_show_specific_survey":0,"_uf_disable_surveys":false,"footnotes":""},"class_list":["post-982","page","type-page","status-publish","hentry"],"aioseo_notices":[],"_links":{"self":[{"href":"https:\/\/www.ctbudget.com\/index.php?rest_route=\/wp\/v2\/pages\/982","targetHints":{"allow":["GET"]}}],"collection":[{"href":"https:\/\/www.ctbudget.com\/index.php?rest_route=\/wp\/v2\/pages"}],"about":[{"href":"https:\/\/www.ctbudget.com\/index.php?rest_route=\/wp\/v2\/types\/page"}],"author":[{"embeddable":true,"href":"https:\/\/www.ctbudget.com\/index.php?rest_route=\/wp\/v2\/users\/1"}],"replies":[{"embeddable":true,"href":"https:\/\/www.ctbudget.com\/index.php?rest_route=%2Fwp%2Fv2%2Fcomments&post=982"}],"version-history":[{"count":50,"href":"https:\/\/www.ctbudget.com\/index.php?rest_route=\/wp\/v2\/pages\/982\/revisions"}],"predecessor-version":[{"id":2690,"href":"https:\/\/www.ctbudget.com\/index.php?rest_route=\/wp\/v2\/pages\/982\/revisions\/2690"}],"wp:attachment":[{"href":"https:\/\/www.ctbudget.com\/index.php?rest_route=%2Fwp%2Fv2%2Fmedia&parent=982"}],"curies":[{"name":"wp","href":"https:\/\/api.w.org\/{rel}","templated":true}]}}