{"id":980,"date":"2018-02-21T13:54:01","date_gmt":"2018-02-21T13:54:01","guid":{"rendered":"https:\/\/www.ctbudget.com\/?page_id=980"},"modified":"2020-05-09T04:21:08","modified_gmt":"2020-05-09T04:21:08","slug":"screenshots","status":"publish","type":"page","link":"https:\/\/www.ctbudget.com\/?page_id=980","title":{"rendered":"Screenshots"},"content":{"rendered":"\t\t<div data-elementor-type=\"wp-page\" data-elementor-id=\"980\" class=\"elementor elementor-980\" data-elementor-settings=\"[]\">\n\t\t\t<div class=\"elementor-inner\">\n\t\t\t\t<div class=\"elementor-section-wrap\">\n\t\t\t\t\t\t\t<section class=\"elementor-element elementor-element-2965907a elementor-section-height-min-height elementor-section-boxed elementor-section-height-default elementor-section-items-middle elementor-section elementor-top-section\" data-id=\"2965907a\" data-element_type=\"section\" data-settings=\"{&quot;background_background&quot;:&quot;classic&quot;}\">\n\t\t\t\t\t\t\t<div class=\"elementor-background-overlay\"><\/div>\n\t\t\t\t\t\t\t<div class=\"elementor-container elementor-column-gap-default\">\n\t\t\t\t<div class=\"elementor-row\">\n\t\t\t\t<div class=\"elementor-element elementor-element-59a9c5fe elementor-column elementor-col-100 elementor-top-column\" data-id=\"59a9c5fe\" data-element_type=\"column\">\n\t\t\t<div class=\"elementor-column-wrap  elementor-element-populated\">\n\t\t\t\t\t<div class=\"elementor-widget-wrap\">\n\t\t\t\t<div class=\"elementor-element elementor-element-5d117f87 elementor-widget elementor-widget-heading\" data-id=\"5d117f87\" data-element_type=\"widget\" data-widget_type=\"heading.default\">\n\t\t\t\t<div class=\"elementor-widget-container\">\n\t\t\t<h1 class=\"elementor-heading-title elementor-size-xl\">Galer\u00eda<\/h1>\t\t<\/div>\n\t\t\t\t<\/div>\n\t\t\t\t\t\t<\/div>\n\t\t\t<\/div>\n\t\t<\/div>\n\t\t\t\t\t\t<\/div>\n\t\t\t<\/div>\n\t\t<\/section>\n\t\t\t\t<section class=\"elementor-element elementor-element-32cf2ff7 elementor-section-boxed elementor-section-height-default elementor-section-height-default elementor-section elementor-top-section\" data-id=\"32cf2ff7\" data-element_type=\"section\">\n\t\t\t\t\t\t<div class=\"elementor-container elementor-column-gap-default\">\n\t\t\t\t<div class=\"elementor-row\">\n\t\t\t\t<div class=\"elementor-element elementor-element-7aee95ec elementor-column elementor-col-100 elementor-top-column\" data-id=\"7aee95ec\" data-element_type=\"column\">\n\t\t\t<div class=\"elementor-column-wrap  elementor-element-populated\">\n\t\t\t\t\t<div class=\"elementor-widget-wrap\">\n\t\t\t\t<div class=\"elementor-element elementor-element-efaf1a9 elementor-widget elementor-widget-spacer\" data-id=\"efaf1a9\" data-element_type=\"widget\" data-widget_type=\"spacer.default\">\n\t\t\t\t<div class=\"elementor-widget-container\">\n\t\t\t\t\t<div class=\"elementor-spacer\">\n\t\t\t<div class=\"elementor-spacer-inner\"><\/div>\n\t\t<\/div>\n\t\t\t\t<\/div>\n\t\t\t\t<\/div>\n\t\t\t\t<div class=\"elementor-element elementor-element-6df05c56 elementor-widget elementor-widget-text-editor\" data-id=\"6df05c56\" data-element_type=\"widget\" data-widget_type=\"text-editor.default\">\n\t\t\t\t<div class=\"elementor-widget-container\">\n\t\t\t\t\t<div class=\"elementor-text-editor elementor-clearfix\"><p>\n\t\t<!-- MasterSlider -->\n\t\t<div id=\"P_MS5ea137d5266f5\" class=\"master-slider-parent ms-tabs-template ms-parent-id-3\" style=\"max-width:1200px;\"  >\n\n\t\t\t\n\t\t\t<!-- MasterSlider Main -->\n\t\t\t<div id=\"MS5ea137d5266f5\" class=\"master-slider ms-skin-light-3\" >\n\t\t\t\t \t\t\t\t \n\n\t\t\t<div  class=\"ms-slide\" data-delay=\"3\" data-fill-mode=\"center\"   >\n\t\t\t\t\t<img decoding=\"async\" src=\"https:\/\/www.ctbudget.com\/wp-content\/plugins\/masterslider\/public\/assets\/css\/blank.gif\" alt=\"\" title=\"\" data-src=\"https:\/\/www.ctbudget.com\/wp-content\/uploads\/2018\/02\/Agregar-un-insumo-como-porcentaje-de-parte-del-Analisis-de-Precios.png\" \/>\n\n\n\t<div class=\"ms-thumb\" ><div class=\"ms-tab-context\"><p>Agregar un insumo como porcentaje de parte del Analisis de Precios<\/p><\/div>\n<\/div>\n\t\t\t\t<\/div>\n\t\t\t<div  class=\"ms-slide\" data-delay=\"3\" data-fill-mode=\"center\"   >\n\t\t\t\t\t<img decoding=\"async\" src=\"https:\/\/www.ctbudget.com\/wp-content\/plugins\/masterslider\/public\/assets\/css\/blank.gif\" alt=\"INSUMOS Y PARTIDAS | Filtros\" title=\"INSUMOS Y PARTIDAS\" data-src=\"https:\/\/www.ctbudget.com\/wp-content\/uploads\/2018\/02\/Ajustar-cantidades-para-obtener-un-Objetivo-deseado.png\" \/>\n\n\n\t<div class=\"ms-thumb\" ><div class=\"ms-tab-context\"><p>Ajustar cantidades para obtener un Objetivo deseado<\/p><\/div>\n<\/div>\n\t\t\t\t<\/div>\n\t\t\t<div  class=\"ms-slide\" data-delay=\"3\" data-fill-mode=\"fit\"   >\n\t\t\t\t\t<img decoding=\"async\" src=\"https:\/\/www.ctbudget.com\/wp-content\/plugins\/masterslider\/public\/assets\/css\/blank.gif\" alt=\"\" title=\"\" data-src=\"https:\/\/www.ctbudget.com\/wp-content\/uploads\/2020\/04\/EditAritmetica.png\" \/>\n\n\n\t<div class=\"ms-thumb\" ><div class=\"ms-tab-context\"><p>An\u00e1lisis de Precios con formulas aritm\u00e9ticas<\/p><\/div>\n<\/div>\n\t\t\t\t<\/div>\n\t\t\t<div  class=\"ms-slide\" data-delay=\"3\" data-fill-mode=\"fit\"   >\n\t\t\t\t\t<img decoding=\"async\" src=\"https:\/\/www.ctbudget.com\/wp-content\/plugins\/masterslider\/public\/assets\/css\/blank.gif\" alt=\"\" title=\"\" data-src=\"https:\/\/www.ctbudget.com\/wp-content\/uploads\/2020\/04\/EditFormulas.png\" \/>\n\n\n\t<div class=\"ms-thumb\" ><div class=\"ms-tab-context\"><p>An\u00e1lisis de Precios con formulas variables<\/p><\/div>\n<\/div>\n\t\t\t\t<\/div>\n\t\t\t<div  class=\"ms-slide\" data-delay=\"3\" data-fill-mode=\"fit\"   >\n\t\t\t\t\t<img decoding=\"async\" src=\"https:\/\/www.ctbudget.com\/wp-content\/plugins\/masterslider\/public\/assets\/css\/blank.gif\" alt=\"\" title=\"\" data-src=\"https:\/\/www.ctbudget.com\/wp-content\/uploads\/2018\/02\/Avances-Programados-en-la-Gantt.png\" \/>\n\n\n\t<div class=\"ms-thumb\" ><div class=\"ms-tab-context\"><p>Avances Programados en la Gantt<\/p><\/div>\n<\/div>\n\t\t\t\t<\/div>\n\t\t\t<div  class=\"ms-slide\" data-delay=\"3\" data-fill-mode=\"center\"   >\n\t\t\t\t\t<img decoding=\"async\" src=\"https:\/\/www.ctbudget.com\/wp-content\/plugins\/masterslider\/public\/assets\/css\/blank.gif\" alt=\"\" title=\"\" data-src=\"https:\/\/www.ctbudget.com\/wp-content\/uploads\/2018\/02\/Ayuda-con-las-novedades-de-cada-nueva-version.png\" \/>\n\n\n\t<div class=\"ms-thumb\" ><div class=\"ms-tab-context\"><p>Ayuda con las novedades de cada nueva versi\u00f3n<\/p><\/div>\n<\/div>\n\t\t\t\t<\/div>\n\t\t\t<div  class=\"ms-slide\" data-delay=\"3\" data-fill-mode=\"center\"   >\n\t\t\t\t\t<img decoding=\"async\" src=\"https:\/\/www.ctbudget.com\/wp-content\/plugins\/masterslider\/public\/assets\/css\/blank.gif\" alt=\"\" title=\"\" data-src=\"https:\/\/www.ctbudget.com\/wp-content\/uploads\/2020\/04\/Cierre01.png\" \/>\n\n\n\t<div class=\"ms-thumb\" ><div class=\"ms-tab-context\"><p>Cierre de una Propuesta<\/p><\/div>\n<\/div>\n\t\t\t\t<\/div>\n\t\t\t<div  class=\"ms-slide\" data-delay=\"3\" data-fill-mode=\"center\"   >\n\t\t\t\t\t<img decoding=\"async\" src=\"https:\/\/www.ctbudget.com\/wp-content\/plugins\/masterslider\/public\/assets\/css\/blank.gif\" alt=\"\" title=\"\" data-src=\"https:\/\/www.ctbudget.com\/wp-content\/uploads\/2018\/02\/Configuracion-de-Encabezados-y-Pie-de-Pagina-con-Logos.png\" \/>\n\n\n\t<div class=\"ms-thumb\" ><div class=\"ms-tab-context\"><p>Configuraci\u00f3n de Encabezados y Pie de P\u00e1gina con Logos<\/p><\/div>\n<\/div>\n\t\t\t\t<\/div>\n\t\t\t<div  class=\"ms-slide\" data-delay=\"3\" data-fill-mode=\"fit\"   >\n\t\t\t\t\t<img decoding=\"async\" src=\"https:\/\/www.ctbudget.com\/wp-content\/plugins\/masterslider\/public\/assets\/css\/blank.gif\" alt=\"\" title=\"\" data-src=\"https:\/\/www.ctbudget.com\/wp-content\/uploads\/2018\/02\/Control-de-Avance-de-Estados-de-Pago.png\" \/>\n\n\n\t<div class=\"ms-thumb\" ><div class=\"ms-tab-context\"><p>Control de Avance de Estados de Pago<\/p><\/div>\n<\/div>\n\t\t\t\t<\/div>\n\t\t\t<div  class=\"ms-slide\" data-delay=\"3\" data-fill-mode=\"fit\"   >\n\t\t\t\t\t<img decoding=\"async\" src=\"https:\/\/www.ctbudget.com\/wp-content\/plugins\/masterslider\/public\/assets\/css\/blank.gif\" alt=\"CONTROL DE OBRA | Estados de Pago y Proyecci\u00f3n de Avance\" title=\"CONTROL DE OBRA\" data-src=\"https:\/\/www.ctbudget.com\/wp-content\/uploads\/2018\/02\/Control-de-Obra-Proyeccion-de-Gastos-de-Obra.png\" \/>\n\n\n\t<div class=\"ms-thumb\" ><div class=\"ms-tab-context\"><p>Control de Obra &#8211; Proyecci\u00f3n de Gastos de Obra<\/p><\/div>\n<\/div>\n\t\t\t\t<\/div>\n\t\t\t<div  class=\"ms-slide\" data-delay=\"3\" data-fill-mode=\"fit\"   >\n\t\t\t\t\t<img decoding=\"async\" src=\"https:\/\/www.ctbudget.com\/wp-content\/plugins\/masterslider\/public\/assets\/css\/blank.gif\" alt=\"\" title=\"Definicion de Constantes para usar en el estudio\" data-src=\"https:\/\/www.ctbudget.com\/wp-content\/uploads\/2018\/02\/Control-de-Obra-Resumen.png\" \/>\n\n\n\t<div class=\"ms-thumb\" ><div class=\"ms-tab-context\">Control de Obra &#8211; Resumen<\/div>\n<\/div>\n\t\t\t\t<\/div>\n\t\t\t<div  class=\"ms-slide\" data-delay=\"3\" data-fill-mode=\"center\"   >\n\t\t\t\t\t<img decoding=\"async\" src=\"https:\/\/www.ctbudget.com\/wp-content\/plugins\/masterslider\/public\/assets\/css\/blank.gif\" alt=\"\" title=\"Definicion de Constantes para usar en el estudio\" data-src=\"https:\/\/www.ctbudget.com\/wp-content\/uploads\/2020\/04\/Constantes.png\" \/>\n\n\n\t<div class=\"ms-thumb\" ><div class=\"ms-tab-context\">Definici\u00f3n de Constantes para usar en el estudio<\/div>\n<\/div>\n\t\t\t\t<\/div>\n\t\t\t<div  class=\"ms-slide\" data-delay=\"3\" data-fill-mode=\"fit\"   >\n\t\t\t\t\t<img decoding=\"async\" src=\"https:\/\/www.ctbudget.com\/wp-content\/plugins\/masterslider\/public\/assets\/css\/blank.gif\" alt=\"\" title=\"Distribuci\u00f3n de Insumos seg\u00fan la Gantt\" data-src=\"https:\/\/www.ctbudget.com\/wp-content\/uploads\/2018\/02\/Distribuci\u00f3n-de-Insumos-seg\u00fan-la-Gantt.png\" \/>\n\n\n\t<div class=\"ms-thumb\" ><div class=\"ms-tab-context\">Distribuci\u00f3n de Insumos seg\u00fan la Gantt<\/div>\n<\/div>\n\t\t\t\t<\/div>\n\t\t\t<div  class=\"ms-slide\" data-delay=\"3\" data-fill-mode=\"center\"   >\n\t\t\t\t\t<img decoding=\"async\" src=\"https:\/\/www.ctbudget.com\/wp-content\/plugins\/masterslider\/public\/assets\/css\/blank.gif\" alt=\"\" title=\"Filtros de Busqueda e Impresion\" data-src=\"https:\/\/www.ctbudget.com\/wp-content\/uploads\/2020\/04\/Filtro.png\" \/>\n\n\n\t<div class=\"ms-thumb\" ><div class=\"ms-tab-context\">Filtros de B\u00fasqueda e Impresi\u00f3n<\/div>\n<\/div>\n\t\t\t\t<\/div>\n\t\t\t<div  class=\"ms-slide\" data-delay=\"3\" data-fill-mode=\"center\"   >\n\t\t\t\t\t<img decoding=\"async\" src=\"https:\/\/www.ctbudget.com\/wp-content\/plugins\/masterslider\/public\/assets\/css\/blank.gif\" alt=\"\" title=\"Inclusion de la firma del Gerente en los reportes\" data-src=\"https:\/\/www.ctbudget.com\/wp-content\/uploads\/2018\/02\/Inclusion-de-la-firma-del-Gerente-en-los-reportes.png\" \/>\n\n\n\t<div class=\"ms-thumb\" ><div class=\"ms-tab-context\">Inclusi\u00f3n de la firma del Gerente en los reportes<\/div>\n<\/div>\n\t\t\t\t<\/div>\n\t\t\t<div  class=\"ms-slide\" data-delay=\"3\" data-fill-mode=\"fit\"   >\n\t\t\t\t\t<img decoding=\"async\" src=\"https:\/\/www.ctbudget.com\/wp-content\/plugins\/masterslider\/public\/assets\/css\/blank.gif\" alt=\"\" title=\"Insumos con precios en otras divisas\" data-src=\"https:\/\/www.ctbudget.com\/wp-content\/uploads\/2020\/04\/EditInsumo.png\" \/>\n\n\n\t<div class=\"ms-thumb\" ><div class=\"ms-tab-context\">Insumos con precios en otras divisas<\/div>\n<\/div>\n\t\t\t\t<\/div>\n\t\t\t<div  class=\"ms-slide\" data-delay=\"3\" data-fill-mode=\"center\"   >\n\t\t\t\t\t<img decoding=\"async\" src=\"https:\/\/www.ctbudget.com\/wp-content\/plugins\/masterslider\/public\/assets\/css\/blank.gif\" alt=\"\" title=\"Multiples Opciones de Configuraci\u00f3n\" data-src=\"https:\/\/www.ctbudget.com\/wp-content\/uploads\/2020\/04\/Config3.png\" \/>\n\n\n\t<div class=\"ms-thumb\" ><div class=\"ms-tab-context\">M\u00faltiples Opciones de Configuraci\u00f3n<\/div>\n<\/div>\n\t\t\t\t<\/div>\n\t\t\t<div  class=\"ms-slide\" data-delay=\"3\" data-fill-mode=\"center\"   >\n\t\t\t\t\t<img decoding=\"async\" src=\"https:\/\/www.ctbudget.com\/wp-content\/plugins\/masterslider\/public\/assets\/css\/blank.gif\" alt=\"\" title=\"Poderosa y Completa Reporteria a Impresora y Excel\" data-src=\"https:\/\/www.ctbudget.com\/wp-content\/uploads\/2020\/04\/Report01.png\" \/>\n\n\n\t<div class=\"ms-thumb\" ><div class=\"ms-tab-context\">Poderosa y Completa Reporter\u00eda a Impresora y Excel<\/div>\n<\/div>\n\t\t\t\t<\/div>\n\t\t\t<div  class=\"ms-slide\" data-delay=\"3\" data-fill-mode=\"fit\"   >\n\t\t\t\t\t<img decoding=\"async\" src=\"https:\/\/www.ctbudget.com\/wp-content\/plugins\/masterslider\/public\/assets\/css\/blank.gif\" alt=\"\" title=\"Reportes en Excel completamente formateados y formulados\" data-src=\"https:\/\/www.ctbudget.com\/wp-content\/uploads\/2018\/02\/Reportes-en-Excel-completamente-formateados-y-formulados.png\" \/>\n\n\n\t<div class=\"ms-thumb\" ><div class=\"ms-tab-context\">Reportes en Excel completamente formateados y formulados<\/div>\n<\/div>\n\t\t\t\t<\/div>\n\t\t\t<div  class=\"ms-slide\" data-delay=\"3\" data-fill-mode=\"fit\"   >\n\t\t\t\t\t<img decoding=\"async\" src=\"https:\/\/www.ctbudget.com\/wp-content\/plugins\/masterslider\/public\/assets\/css\/blank.gif\" alt=\"\" title=\"Resumen de Insumos En Pantalla\" data-src=\"https:\/\/www.ctbudget.com\/wp-content\/uploads\/2018\/02\/Resumen-de-Insumos-En-Pantalla.png\" \/>\n\n\n\t<div class=\"ms-thumb\" ><div class=\"ms-tab-context\">Resumen de Insumos En Pantalla<\/div>\n<\/div>\n\t\t\t\t<\/div>\n\t\t\t<div  class=\"ms-slide\" data-delay=\"3\" data-fill-mode=\"fit\"   >\n\t\t\t\t\t<img decoding=\"async\" src=\"https:\/\/www.ctbudget.com\/wp-content\/plugins\/masterslider\/public\/assets\/css\/blank.gif\" alt=\"\" title=\"Ventana de Edicion de Elementos\" data-src=\"https:\/\/www.ctbudget.com\/wp-content\/uploads\/2018\/02\/Ventana-de-Edicion-de-Elementos.png\" \/>\n\n\n\t<div class=\"ms-thumb\" ><div class=\"ms-tab-context\">Ventana de Edici\u00f3n de Elementos<\/div>\n<\/div>\n\t\t\t\t<\/div>\n\t\t\t<div  class=\"ms-slide\" data-delay=\"3\" data-fill-mode=\"fit\"   >\n\t\t\t\t\t<img decoding=\"async\" src=\"https:\/\/www.ctbudget.com\/wp-content\/plugins\/masterslider\/public\/assets\/css\/blank.gif\" alt=\"\" title=\"Ventana Principal de Elementos\" data-src=\"https:\/\/www.ctbudget.com\/wp-content\/uploads\/2020\/04\/Elementos1.png\" \/>\n\n\n\t<div class=\"ms-thumb\" ><div class=\"ms-tab-context\">Ventana Principal de Elementos<\/div>\n<\/div>\n\t\t\t\t<\/div>\n\t\t\t<div  class=\"ms-slide\" data-delay=\"3\" data-fill-mode=\"fit\"   >\n\t\t\t\t\t<img decoding=\"async\" src=\"https:\/\/www.ctbudget.com\/wp-content\/plugins\/masterslider\/public\/assets\/css\/blank.gif\" alt=\"\" title=\"Vista preliminar reportes\" data-src=\"https:\/\/www.ctbudget.com\/wp-content\/uploads\/2020\/04\/Report2.png\" \/>\n\n\n\t<div class=\"ms-thumb\" ><div class=\"ms-tab-context\">Vista preliminar reportes<\/div>\n<\/div>\n\t\t\t\t<\/div>\n\n\t\t\t<\/div>\n\t\t\t<!-- END MasterSlider Main -->\n\n\t\t\t \n\t\t<\/div>\n\t\t<!-- END MasterSlider -->\n\n\t\t<script>\n\t\t( window.MSReady = window.MSReady || [] ).push( function( $ ) {\n\n\t\t\t\"use strict\";\n\t\t\tvar masterslider_66f5 = new MasterSlider();\n\n\t\t\t\/\/ slider controls\n\t\t\tmasterslider_66f5.control('arrows'     ,{ autohide:true, overVideo:true  });\n\t\t\tmasterslider_66f5.control('thumblist'  ,{ autohide:false, overVideo:true, dir:'v', speed:17, inset:false, arrows:false, hover:false, customClass:'', align:'right',type:'tabs', margin:-12, width:229, height:100, space:0, fillMode:'fill' , hideUnder:550 });\n\t\t\tmasterslider_66f5.control('circletimer',{ autohide:false, overVideo:true, color:'#FFFFFF', radius:4, stroke:9   });\n\t\t\t\/\/ slider setup\n\t\t\tmasterslider_66f5.setup(\"MS5ea137d5266f5\", {\n\t\t\t\twidth           : 1000,\n\t\t\t\theight          : 700,\n\t\t\t\tminHeight       : 0,\n\t\t\t\tspace           : 10,\n\t\t\t\tstart           : 1,\n\t\t\t\tgrabCursor      : true,\n\t\t\t\tswipe           : true,\n\t\t\t\tmouse           : true,\n\t\t\t\tkeyboard        : false,\n\t\t\t\tlayout          : \"boxed\",\n\t\t\t\twheel           : false,\n\t\t\t\tautoplay        : true,\n                instantStartLayers:false,\n\t\t\t\tmobileBGVideo:false,\n\t\t\t\tloop            : true,\n\t\t\t\tshuffle         : false,\n\t\t\t\tpreload         : 2,\n\t\t\t\theightLimit     : true,\n\t\t\t\tautoHeight      : false,\n\t\t\t\tsmoothHeight    : true,\n\t\t\t\tendPause        : false,\n\t\t\t\toverPause       : true,\n\t\t\t\tfillMode        : \"fill\",\n\t\t\t\tcenterControls  : true,\n\t\t\t\tstartOnAppear   : false,\n\t\t\t\tlayersMode      : \"center\",\n\t\t\t\tautofillTarget  : \"\",\n\t\t\t\thideLayers      : false,\n\t\t\t\tfullscreenMargin: 0,\n\t\t\t\tspeed           : 20,\n\t\t\t\tdir             : \"h\",\n\t\t\t\tparallaxMode    : 'swipe',\n\t\t\t\tview            : \"basic\"\n\t\t\t});\n\n\t\t\t\n\t\t\twindow.masterslider_instances = window.masterslider_instances || [];\n\t\t\twindow.masterslider_instances.push( masterslider_66f5 );\n\t\t});\n\t\t<\/script>\n\n<\/p><\/div>\n\t\t\t\t<\/div>\n\t\t\t\t<\/div>\n\t\t\t\t<div class=\"elementor-element elementor-element-6af5635 elementor-widget elementor-widget-spacer\" data-id=\"6af5635\" data-element_type=\"widget\" data-widget_type=\"spacer.default\">\n\t\t\t\t<div class=\"elementor-widget-container\">\n\t\t\t\t\t<div class=\"elementor-spacer\">\n\t\t\t<div class=\"elementor-spacer-inner\"><\/div>\n\t\t<\/div>\n\t\t\t\t<\/div>\n\t\t\t\t<\/div>\n\t\t\t\t\t\t<\/div>\n\t\t\t<\/div>\n\t\t<\/div>\n\t\t\t\t\t\t<\/div>\n\t\t\t<\/div>\n\t\t<\/section>\n\t\t\t\t<section class=\"elementor-element elementor-element-6560efbf elementor-section-boxed elementor-section-height-default elementor-section-height-default elementor-section elementor-top-section\" data-id=\"6560efbf\" data-element_type=\"section\" data-settings=\"{&quot;background_background&quot;:&quot;classic&quot;}\">\n\t\t\t\t\t\t<div class=\"elementor-container elementor-column-gap-default\">\n\t\t\t\t<div class=\"elementor-row\">\n\t\t\t\t<div class=\"elementor-element elementor-element-68a76682 elementor-column elementor-col-100 elementor-top-column\" data-id=\"68a76682\" data-element_type=\"column\">\n\t\t\t<div class=\"elementor-column-wrap  elementor-element-populated\">\n\t\t\t\t\t<div class=\"elementor-widget-wrap\">\n\t\t\t\t<div class=\"elementor-element elementor-element-7fe53dbe elementor-widget elementor-widget-spacer\" data-id=\"7fe53dbe\" data-element_type=\"widget\" data-widget_type=\"spacer.default\">\n\t\t\t\t<div class=\"elementor-widget-container\">\n\t\t\t\t\t<div class=\"elementor-spacer\">\n\t\t\t<div class=\"elementor-spacer-inner\"><\/div>\n\t\t<\/div>\n\t\t\t\t<\/div>\n\t\t\t\t<\/div>\n\t\t\t\t<div class=\"elementor-element elementor-element-4ffc7a56 elementor-widget elementor-widget-themo-call-to-action\" data-id=\"4ffc7a56\" data-element_type=\"widget\" data-widget_type=\"themo-call-to-action.default\">\n\t\t\t\t<div class=\"elementor-widget-container\">\n\t\t\t\t\t<div class=\"th-cta\">\n\t\t\t\t\t        <div class=\"th-cta-text\">\n\t\t            <span>Prueba Gratis por 30 D\u00edas. Desc\u00e1rguelo Ahora!<\/span>\n\t\t        <\/div>\n\t\t    \n                        <div class=\"th-cta-btn\">\n\n                                    <a class=\"btn-1 btn th-btn btn-standard-accent\" href=\"https:\/\/www.ctbudget.com\/?page_id=1191\">\n                                                    Descargar                                            <\/a>\n                \n                            <\/div>\n            \t\t<\/div>\n\t\t\t\t<\/div>\n\t\t\t\t<\/div>\n\t\t\t\t<div class=\"elementor-element elementor-element-4c3d3668 elementor-widget elementor-widget-spacer\" data-id=\"4c3d3668\" data-element_type=\"widget\" data-widget_type=\"spacer.default\">\n\t\t\t\t<div class=\"elementor-widget-container\">\n\t\t\t\t\t<div class=\"elementor-spacer\">\n\t\t\t<div class=\"elementor-spacer-inner\"><\/div>\n\t\t<\/div>\n\t\t\t\t<\/div>\n\t\t\t\t<\/div>\n\t\t\t\t\t\t<\/div>\n\t\t\t<\/div>\n\t\t<\/div>\n\t\t\t\t\t\t<\/div>\n\t\t\t<\/div>\n\t\t<\/section>\n\t\t\t\t\t\t<\/div>\n\t\t\t<\/div>\n\t\t<\/div>\n\t\t","protected":false},"excerpt":{"rendered":"<p>Galer\u00eda Prueba Gratis por 30 D\u00edas. Desc\u00e1rguelo Ahora! Descargar<\/p>\n","protected":false},"author":1,"featured_media":0,"parent":0,"menu_order":23,"comment_status":"closed","ping_status":"closed","template":"","meta":{"om_disable_all_campaigns":false,"_monsterinsights_skip_tracking":false,"_monsterinsights_sitenote_active":false,"_monsterinsights_sitenote_note":"","_monsterinsights_sitenote_category":0,"_uf_show_specific_survey":0,"_uf_disable_surveys":false,"footnotes":""},"class_list":["post-980","page","type-page","status-publish","hentry"],"aioseo_notices":[],"_links":{"self":[{"href":"https:\/\/www.ctbudget.com\/index.php?rest_route=\/wp\/v2\/pages\/980","targetHints":{"allow":["GET"]}}],"collection":[{"href":"https:\/\/www.ctbudget.com\/index.php?rest_route=\/wp\/v2\/pages"}],"about":[{"href":"https:\/\/www.ctbudget.com\/index.php?rest_route=\/wp\/v2\/types\/page"}],"author":[{"embeddable":true,"href":"https:\/\/www.ctbudget.com\/index.php?rest_route=\/wp\/v2\/users\/1"}],"replies":[{"embeddable":true,"href":"https:\/\/www.ctbudget.com\/index.php?rest_route=%2Fwp%2Fv2%2Fcomments&post=980"}],"version-history":[{"count":27,"href":"https:\/\/www.ctbudget.com\/index.php?rest_route=\/wp\/v2\/pages\/980\/revisions"}],"predecessor-version":[{"id":2301,"href":"https:\/\/www.ctbudget.com\/index.php?rest_route=\/wp\/v2\/pages\/980\/revisions\/2301"}],"wp:attachment":[{"href":"https:\/\/www.ctbudget.com\/index.php?rest_route=%2Fwp%2Fv2%2Fmedia&parent=980"}],"curies":[{"name":"wp","href":"https:\/\/api.w.org\/{rel}","templated":true}]}}